{"id":598,"date":"2024-03-05T20:21:30","date_gmt":"2024-03-06T01:21:30","guid":{"rendered":"https:\/\/shakespearesshoes.com\/?page_id=598"},"modified":"2025-08-28T22:41:47","modified_gmt":"2025-08-29T02:41:47","slug":"anthi-m-wedding","status":"publish","type":"page","link":"https:\/\/shakespearesshoes.com\/index.php\/anthi-m\/novels\/anthi-m-wedding\/","title":{"rendered":"Anthi&#8217;s &#038; M&#8217;s Wedding"},"content":{"rendered":"\n<h3 class=\"wp-block-heading\">From the novel, <em>Greece Is My Anthi<\/em> (2024)<\/h3>\n\n\n\n<h5 class=\"wp-block-heading\"><strong>From <em>Anthi&#8217;s &amp; M&#8217;s Wedding<\/em><\/strong><\/h5>\n\n\n\n<h5 class=\"wp-block-heading\"><strong>Update 1 &#8211; May 31, 2021<\/strong><\/h5>\n\n\n\n<p><strong>When my Anthi smiles<br>I forget I am mortal<br>I feel like the sea<\/strong>.<\/p>\n\n\n\n<p><strong>The wedding preparations are going smoothly, since we do not expect any issues, with Goddess Athena by our side. She is the greatest deity ever. I feel like a cheerleader.<\/strong><\/p>\n\n\n\n<p><strong>Give me an A<br>Give me a T<br>Give me an H<br>Give me an E<br>Give me an N<br>Give me another A<br>ATHENA<\/strong><\/p>\n\n\n\n<p><strong>We began with 12 guests from Medium; the number of Olympians and thus a good omen, plus Patrick, El\u00e9ni, 15 members of Anthi\u2019s family and friends, and Anthi Psomiadou, of course, our special guest. By Zeus, life is good in Greece. I love you, Anthi. I love you, Anthi.<\/strong><\/p>\n\n\n\n<p><strong>The wedding will last around 25 hours and will be updated every 5 or 7 hours starting on July 5th at 5 am (Greece time or GMT+3) until 6 am the following day.<\/strong><\/p>\n\n\n\n<p><strong>05 am &#8211; Seating chart, music videos, photos, first meal<br>10 am &#8211; Music videos, photos, second meal<br>05 pm &#8211; Wedding ceremony, music videos, photos, third meal<br>10 pm &#8211; Music videos, photos, fourth meal<br>05 am &#8211; Music videos, photos, fifth meal<br>06 am &#8211; Anthi and M leave for their honeymoon<\/strong><\/p>\n\n\n\n<p><strong>Goddess Athena will officiate the wedding ceremony according to the customs of Ancient Greece. The location of Goddess Athena\u2019s villa\/garden will be kept secret for obvious and less obvious reasons. Glaukopis, Goddess Athena\u2019s talking owl (English, French, and Greek) will usher each one present according to the seating chart.<\/strong><\/p>\n\n\n\n<hr class=\"wp-block-separator has-alpha-channel-opacity\"\/>\n\n\n\n<p><strong>Update 2 &#8211; June 22, 2021<\/strong><\/p>\n\n\n\n<p><strong>Interconnection<br>may also spell a feature<br>of being in love.<\/strong><\/p>\n\n\n\n<p><strong>The wedding preparations are not going smoothly this time around. Even Goddess Athena did not expect this turn of events, namely, Patrick\u2019s unfortunate affliction. The wedding is thus postponed to September 5<sup>th<\/sup>. The number of guests from Medium has increased by 5 to a total of 17 (a haiku per its 17 syllables), plus Anthi Psomiadou, of course.<\/strong><\/p>\n\n\n\n<hr class=\"wp-block-separator has-alpha-channel-opacity\"\/>\n\n\n\n<p><strong>Update 3 &#8211; July 8, 2021<\/strong><\/p>\n\n\n\n<p><strong>While Goddess Athena is a goddess, she seems to act like a human being, without any flaw, of course, unlike our species. I often wondered if there were exceptions to this natural rule. There are no saints, but are there any flawless humans? I would have bet my life that such a being did not exist, that is until I met Anthi Kan\u00e9na, my unparalleled Anthi. You may know such a being, although I am sure that if you think lengthily and deeply about your exception, you will find some flaw. I have only been with Anthi for around three months and have written over 300 pieces about her, yet I have not found a single lack. She is too sincere to hide anything. Even her so-called mischievousness is adorable. I must be biased, you may think. I am not, since I arrived to this conclusion before falling in love with her. She exudes everything that is good, and her presence is elating. I feel that I am the luckiest human being, and not only now but who has ever lived. Now, you may think that I have lost my mind. I do not think that I did, since I examined my stance objectively and could not find anything to counter my conclusion. I even asked Goddess Athena, Patrick and El\u00e9ni to help me, and they arrived to the same conclusion about our now. However, Goddess Athena confirmed that she had never met or known such perfection as my Anthi. The remaining question that remains, at least for me, is what does she see in me; why does Anthi love me? I am surely not flawless. She hugged me when I asked her about it and her eyes shone. I looked at her, mesmerised, unable to steady my heart. She felt it and kissed me, calming my sea and wiping the wetness that escaped from it by blowing lightly upon my face and kissing me again.<\/strong><\/p>\n\n\n<figure id=\"attachment_608\" aria-describedby=\"caption-attachment-608\" style=\"width: 500px\" class=\"wp-caption alignnone\"><img loading=\"lazy\" decoding=\"async\" class=\"size-full wp-image-608\" src=\"https:\/\/shakespearesshoes.com\/wp-content\/uploads\/2024\/03\/Wedding-Invitation.png\" alt=\"Wedding Invitation\" width=\"500\" height=\"500\" srcset=\"https:\/\/shakespearesshoes.com\/wp-content\/uploads\/2024\/03\/Wedding-Invitation.png 500w, https:\/\/shakespearesshoes.com\/wp-content\/uploads\/2024\/03\/Wedding-Invitation-300x300.png 300w, https:\/\/shakespearesshoes.com\/wp-content\/uploads\/2024\/03\/Wedding-Invitation-150x150.png 150w\" sizes=\"auto, (max-width: 500px) 100vw, 500px\" \/><figcaption id=\"caption-attachment-608\" class=\"wp-caption-text\">Designed using Canva<\/figcaption><\/figure>\n\n\n<p><strong>The number of guests from Medium has increased by a score to a total of 37, plus Anthi Psomiadou, of course, and her dog, Robbie.<\/strong><\/p>\n\n\n\n<hr class=\"wp-block-separator has-alpha-channel-opacity\"\/>\n\n\n\n<p><strong>Update 4 &#8211; August 3, 2021<\/strong><\/p>\n\n\n\n<p><strong>We are 33 days and nights away from this Athenian event, especially that Goddess Athena is going to grace us with her presence and officiate the wedding ceremony according to the customs of Ancient Greece. Glaukopis, her little owl, is going to show all guests, both virtual and real, to their assigned table, which in most cases was determined by chance, or fate if you prefer. Anthi and M; I mean me, see eye to eye on everything under the Sun, the Moon and the stars, with our Goddess guiding us with her wisdom and blessedness. We wish you could all be here both in body and spirit, but circumstances of every sort render this wedding off the map and within our minds and hearts. We will rejoice, nonetheless, and perhaps break a peaceful number of plates on a special Pythagorean triangle made from earth and olive pits. The wedding seating chart includes olive trees that abound all around the tables and chairs, overlooking the sky and the sea, and the featured dog is none other than Robbie, Anthi Psomiadou\u2019s canine friend. It may look wilder in real life, but with a Goddess present, any barking will be silent like a wedding prayer. The number of guests from Medium has increased by 4 to a total of 41, plus Anthi Psomiadou, of course.<\/strong><\/p>\n\n\n\n<hr class=\"wp-block-separator has-alpha-channel-opacity\"\/>\n\n\n\n<p><strong>Update 5 &#8211; August 31, 2021<\/strong><\/p>\n\n\n\n<p><strong>Let us start with a somewhat suitable song from the celebrated \u201970s!<\/strong><\/p>\n\n\n\n<figure class=\"wp-block-embed is-type-video is-provider-youtube wp-block-embed-youtube wp-embed-aspect-4-3 wp-has-aspect-ratio\"><div class=\"wp-block-embed__wrapper\">\n<p class=\"responsive-video-wrap clr\"><iframe loading=\"lazy\" title=\"Earth, Wind &amp; Fire - September (Official HD Video)\" width=\"1200\" height=\"900\" src=\"https:\/\/www.youtube.com\/embed\/Gs069dndIYk?feature=oembed\" frameborder=\"0\" allow=\"accelerometer; autoplay; clipboard-write; encrypted-media; gyroscope; picture-in-picture; web-share\" allowfullscreen><\/iframe><\/p>\n<\/div><figcaption class=\"wp-element-caption\"><mark style=\"background-color:rgba(0, 0, 0, 0)\" class=\"has-inline-color has-vivid-cyan-blue-color\">Earth, Wind &amp; Fire &#8211; September<\/mark><\/figcaption><\/figure>\n\n\n\n<p><strong>I look at my right hand and count the days (and nights) left till I am officially wedded to my Anthi Kan\u00e9na. I look at my left hand and the count is the same. Symmetry is a natural law, although it is rarely perfect. My Anthi is one of the exceptions, although she refuses to admit it, which is also part of her perfection.<\/strong><\/p>\n\n\n\n<p><strong>O<em> Anth\u00ed mou<\/em> (my Anthi), I love you too. I love both you and your Self. I can sometimes feel you both at the same time, although your Self tends to observe and rarely to participate. She is a voyeur unlike my Self who is in love with you as much as I am. We are basically one and the same when it comes to you, <em>Anth\u00ed mou<\/em>.<\/strong><\/p>\n\n\n\n<p><strong>Five mantinades, one for each remaining day, and Goddess Athena\u2019s number as well, seem to be at hand. But is it my right or my left?<\/strong><\/p>\n\n\n\n<p><strong>You see love in my eyes when you look at me with sweet intent,<br>yet this love is in every part of me rising with your scent.<\/strong><\/p>\n\n\n\n<p><strong>It has been an Athenian honeymoon since our love\u2019s start,<br>so, our actual <em>mina tou m\u00e9litos<\/em><sup>1<\/sup> will make more art.<\/strong><\/p>\n\n\n\n<p><strong>We have a choice between countless places for our <em>lune de miel<\/em><sup>2<\/sup>,<br>but our love for everything blue begs for a clear view <em>du ciel<\/em><sup>3<\/sup>.<\/strong><\/p>\n\n\n\n<p><strong>Loving you every moment of each day is mandatory,<br>since many readers perceive us to be an allegory.<\/strong><\/p>\n\n\n\n<p><strong><em>\u0394\u03b5\u03bd \u03ae\u03c3\u03bf\u03c5\u03bd \u03ad\u03bd\u03b1 \u03b1\u03bd\u03bf\u03b9\u03c7\u03c4\u03cc \u03b5\u03bb\u03bb\u03b7\u03bd\u03b9\u03ba\u03cc \u03b2\u03b9\u03b2\u03bb\u03af\u03bf,<\/em><br><em>\u03cc\u03c4\u03b1\u03bd \u03bf\u03b9 \u03c3\u03b5\u03bb\u03af\u03b4\u03b5\u03c2 \u03c3\u03bf\u03c5 \u03ae\u03c4\u03b1\u03bd \u03bc\u03c0\u03bb\u03b5 \u03c3\u03b1\u03bd \u03c4\u03bf\u03bd \u03bf\u03c5\u03c1\u03b1\u03bd\u03cc.<\/em><\/strong><\/p>\n\n\n\n<p><strong>Pronounced:<br><em>Den \u00edsoun \u00e9na anoicht\u00f3 ellinik\u00f3 vivl\u00edo<\/em><br><em>\u00f3tan oi sel\u00eddes sou \u00edtan ble san ton ouran\u00f3.<\/em><\/strong><\/p>\n\n\n\n<p><strong>Signifies:<br>You were not an open Greek book<br>when your pages were blue as the sky.<\/strong><\/p>\n\n\n\n<p><strong><sup>1<\/sup> honeymoon, in Greek.<br><sup>2<\/sup> honeymoon, in French.<br><sup>3<\/sup> of the sky, in French.<\/strong><\/p>\n\n\n\n<p><strong>The number of guests from Medium has increased again by 4 to a total of 45, plus Anthi Psomiadou, of course.<\/strong><\/p>\n\n\n\n<hr class=\"wp-block-separator has-alpha-channel-opacity\"\/>\n\n\n\n<p><strong><em>Anthi&#8217;s &amp; M&#8217;s Wedding<\/em> is the fourth chapter of the novel, <em>Greece Is My Anthi<\/em>, which has at least six main parts, with meals and their recipes, worldwide music videos, photographs of Athens, and a wedding, beside these five updates and numerous pieces of poetry and prose.<\/strong><\/p>\n","protected":false},"excerpt":{"rendered":"<p>From the novel, Greece Is My Anthi (2024) From Anthi&#8217;s &amp; M&#8217;s Wedding Update 1 &#8211; May 31, 2021 When my Anthi smilesI forget I am mortalI feel like the sea. The wedding preparations are going smoothly, since we do not expect any issues, with Goddess Athena by our side. She is the greatest deity [&hellip;]<\/p>\n","protected":false},"author":1,"featured_media":0,"parent":93,"menu_order":0,"comment_status":"closed","ping_status":"closed","template":"","meta":{"ocean_post_layout":"","ocean_both_sidebars_style":"","ocean_both_sidebars_content_width":0,"ocean_both_sidebars_sidebars_width":0,"ocean_sidebar":"","ocean_second_sidebar":"","ocean_disable_margins":"enable","ocean_add_body_class":"","ocean_shortcode_before_top_bar":"","ocean_shortcode_after_top_bar":"","ocean_shortcode_before_header":"","ocean_shortcode_after_header":"","ocean_has_shortcode":"","ocean_shortcode_after_title":"","ocean_shortcode_before_footer_widgets":"","ocean_shortcode_after_footer_widgets":"","ocean_shortcode_before_footer_bottom":"","ocean_shortcode_after_footer_bottom":"","ocean_display_top_bar":"default","ocean_display_header":"default","ocean_header_style":"","ocean_center_header_left_menu":"","ocean_custom_header_template":"","ocean_custom_logo":0,"ocean_custom_retina_logo":0,"ocean_custom_logo_max_width":0,"ocean_custom_logo_tablet_max_width":0,"ocean_custom_logo_mobile_max_width":0,"ocean_custom_logo_max_height":0,"ocean_custom_logo_tablet_max_height":0,"ocean_custom_logo_mobile_max_height":0,"ocean_header_custom_menu":"","ocean_menu_typo_font_family":"","ocean_menu_typo_font_subset":"","ocean_menu_typo_font_size":0,"ocean_menu_typo_font_size_tablet":0,"ocean_menu_typo_font_size_mobile":0,"ocean_menu_typo_font_size_unit":"px","ocean_menu_typo_font_weight":"","ocean_menu_typo_font_weight_tablet":"","ocean_menu_typo_font_weight_mobile":"","ocean_menu_typo_transform":"","ocean_menu_typo_transform_tablet":"","ocean_menu_typo_transform_mobile":"","ocean_menu_typo_line_height":0,"ocean_menu_typo_line_height_tablet":0,"ocean_menu_typo_line_height_mobile":0,"ocean_menu_typo_line_height_unit":"","ocean_menu_typo_spacing":0,"ocean_menu_typo_spacing_tablet":0,"ocean_menu_typo_spacing_mobile":0,"ocean_menu_typo_spacing_unit":"","ocean_menu_link_color":"","ocean_menu_link_color_hover":"","ocean_menu_link_color_active":"","ocean_menu_link_background":"","ocean_menu_link_hover_background":"","ocean_menu_link_active_background":"","ocean_menu_social_links_bg":"","ocean_menu_social_hover_links_bg":"","ocean_menu_social_links_color":"","ocean_menu_social_hover_links_color":"","ocean_disable_title":"default","ocean_disable_heading":"default","ocean_post_title":"","ocean_post_subheading":"","ocean_post_title_style":"","ocean_post_title_background_color":"","ocean_post_title_background":0,"ocean_post_title_bg_image_position":"","ocean_post_title_bg_image_attachment":"","ocean_post_title_bg_image_repeat":"","ocean_post_title_bg_image_size":"","ocean_post_title_height":0,"ocean_post_title_bg_overlay":0.5,"ocean_post_title_bg_overlay_color":"","ocean_disable_breadcrumbs":"default","ocean_breadcrumbs_color":"","ocean_breadcrumbs_separator_color":"","ocean_breadcrumbs_links_color":"","ocean_breadcrumbs_links_hover_color":"","ocean_display_footer_widgets":"default","ocean_display_footer_bottom":"default","ocean_custom_footer_template":"","footnotes":""},"class_list":["post-598","page","type-page","status-publish","hentry","entry"],"yoast_head":"<!-- This site is optimized with the Yoast SEO plugin v27.2 - https:\/\/yoast.com\/product\/yoast-seo-wordpress\/ -->\n<title>Anthi&#039;s &amp; M&#039;s Wedding - Shakespeare&#039;s Shoes<\/title>\n<meta name=\"description\" content=\"From the first Anthi &amp; M novel written by Patrick M. Ohana\" \/>\n<meta name=\"robots\" content=\"index, follow, max-snippet:-1, max-image-preview:large, max-video-preview:-1\" \/>\n<link rel=\"canonical\" href=\"https:\/\/shakespearesshoes.com\/index.php\/anthi-m\/novels\/anthi-m-wedding\/\" \/>\n<meta property=\"og:locale\" content=\"en_US\" \/>\n<meta property=\"og:type\" content=\"article\" \/>\n<meta property=\"og:title\" content=\"Anthi&#039;s &amp; M&#039;s Wedding - Shakespeare&#039;s Shoes\" \/>\n<meta property=\"og:description\" content=\"From the first Anthi &amp; M novel written by Patrick M. Ohana\" \/>\n<meta property=\"og:url\" content=\"https:\/\/shakespearesshoes.com\/index.php\/anthi-m\/novels\/anthi-m-wedding\/\" \/>\n<meta property=\"og:site_name\" content=\"Shakespeare&#039;s Shoes\" \/>\n<meta property=\"article:modified_time\" content=\"2025-08-29T02:41:47+00:00\" \/>\n<meta property=\"og:image\" content=\"https:\/\/shakespearesshoes.com\/wp-content\/uploads\/2024\/03\/Wedding-Invitation.png\" \/>\n\t<meta property=\"og:image:width\" content=\"500\" \/>\n\t<meta property=\"og:image:height\" content=\"500\" \/>\n\t<meta property=\"og:image:type\" content=\"image\/png\" \/>\n<meta name=\"twitter:card\" content=\"summary_large_image\" \/>\n<meta name=\"twitter:site\" content=\"@the_bards_shoes\" \/>\n<script type=\"application\/ld+json\" class=\"yoast-schema-graph\">{\"@context\":\"https:\/\/schema.org\",\"@graph\":[{\"@type\":\"WebPage\",\"@id\":\"https:\/\/shakespearesshoes.com\/index.php\/anthi-m\/novels\/anthi-m-wedding\/\",\"url\":\"https:\/\/shakespearesshoes.com\/index.php\/anthi-m\/novels\/anthi-m-wedding\/\",\"name\":\"Anthi's & M's Wedding - Shakespeare&#039;s Shoes\",\"isPartOf\":{\"@id\":\"https:\/\/shakespearesshoes.com\/#website\"},\"primaryImageOfPage\":{\"@id\":\"https:\/\/shakespearesshoes.com\/index.php\/anthi-m\/novels\/anthi-m-wedding\/#primaryimage\"},\"image\":{\"@id\":\"https:\/\/shakespearesshoes.com\/index.php\/anthi-m\/novels\/anthi-m-wedding\/#primaryimage\"},\"thumbnailUrl\":\"https:\/\/shakespearesshoes.com\/wp-content\/uploads\/2024\/03\/Wedding-Invitation.png\",\"datePublished\":\"2024-03-06T01:21:30+00:00\",\"dateModified\":\"2025-08-29T02:41:47+00:00\",\"description\":\"From the first Anthi & M novel written by Patrick M. Ohana\",\"breadcrumb\":{\"@id\":\"https:\/\/shakespearesshoes.com\/index.php\/anthi-m\/novels\/anthi-m-wedding\/#breadcrumb\"},\"inLanguage\":\"en-CA\",\"potentialAction\":[{\"@type\":\"ReadAction\",\"target\":[\"https:\/\/shakespearesshoes.com\/index.php\/anthi-m\/novels\/anthi-m-wedding\/\"]}]},{\"@type\":\"ImageObject\",\"inLanguage\":\"en-CA\",\"@id\":\"https:\/\/shakespearesshoes.com\/index.php\/anthi-m\/novels\/anthi-m-wedding\/#primaryimage\",\"url\":\"https:\/\/shakespearesshoes.com\/wp-content\/uploads\/2024\/03\/Wedding-Invitation.png\",\"contentUrl\":\"https:\/\/shakespearesshoes.com\/wp-content\/uploads\/2024\/03\/Wedding-Invitation.png\",\"width\":500,\"height\":500,\"caption\":\"Designed using Canva\"},{\"@type\":\"BreadcrumbList\",\"@id\":\"https:\/\/shakespearesshoes.com\/index.php\/anthi-m\/novels\/anthi-m-wedding\/#breadcrumb\",\"itemListElement\":[{\"@type\":\"ListItem\",\"position\":1,\"name\":\"Home\",\"item\":\"https:\/\/shakespearesshoes.com\/\"},{\"@type\":\"ListItem\",\"position\":2,\"name\":\"Anthi &#038; M\",\"item\":\"https:\/\/shakespearesshoes.com\/index.php\/anthi-m\/\"},{\"@type\":\"ListItem\",\"position\":3,\"name\":\"Novels\",\"item\":\"https:\/\/shakespearesshoes.com\/index.php\/anthi-m\/novels\/\"},{\"@type\":\"ListItem\",\"position\":4,\"name\":\"Anthi&#8217;s &#038; M&#8217;s Wedding\"}]},{\"@type\":\"WebSite\",\"@id\":\"https:\/\/shakespearesshoes.com\/#website\",\"url\":\"https:\/\/shakespearesshoes.com\/\",\"name\":\"Shakespeare's Shoes\",\"description\":\"Fiction and nonfiction, poetry and prose, in search of the Bard.\",\"publisher\":{\"@id\":\"https:\/\/shakespearesshoes.com\/#\/schema\/person\/bcb38f527202c45dcab30ef6e4a23b77\"},\"potentialAction\":[{\"@type\":\"SearchAction\",\"target\":{\"@type\":\"EntryPoint\",\"urlTemplate\":\"https:\/\/shakespearesshoes.com\/?s={search_term_string}\"},\"query-input\":{\"@type\":\"PropertyValueSpecification\",\"valueRequired\":true,\"valueName\":\"search_term_string\"}}],\"inLanguage\":\"en-CA\"},{\"@type\":[\"Person\",\"Organization\"],\"@id\":\"https:\/\/shakespearesshoes.com\/#\/schema\/person\/bcb38f527202c45dcab30ef6e4a23b77\",\"name\":\"Patrick M. Ohana\",\"image\":{\"@type\":\"ImageObject\",\"inLanguage\":\"en-CA\",\"@id\":\"https:\/\/shakespearesshoes.com\/wp-content\/uploads\/2024\/02\/cropped-Logo.png\",\"url\":\"https:\/\/shakespearesshoes.com\/wp-content\/uploads\/2024\/02\/cropped-Logo.png\",\"contentUrl\":\"https:\/\/shakespearesshoes.com\/wp-content\/uploads\/2024\/02\/cropped-Logo.png\",\"width\":512,\"height\":512,\"caption\":\"Patrick M. Ohana\"},\"logo\":{\"@id\":\"https:\/\/shakespearesshoes.com\/wp-content\/uploads\/2024\/02\/cropped-Logo.png\"},\"description\":\"A medical writer who reads and writes fiction and some nonfiction, although the latter may appear at times like the former.\",\"sameAs\":[\"https:\/\/shakespearesshoes.com\",\"https:\/\/x.com\/the_bards_shoes\"]}]}<\/script>\n<!-- \/ Yoast SEO plugin. -->","yoast_head_json":{"title":"Anthi's & M's Wedding - Shakespeare&#039;s Shoes","description":"From the first Anthi & M novel written by Patrick M. Ohana","robots":{"index":"index","follow":"follow","max-snippet":"max-snippet:-1","max-image-preview":"max-image-preview:large","max-video-preview":"max-video-preview:-1"},"canonical":"https:\/\/shakespearesshoes.com\/index.php\/anthi-m\/novels\/anthi-m-wedding\/","og_locale":"en_US","og_type":"article","og_title":"Anthi's & M's Wedding - Shakespeare&#039;s Shoes","og_description":"From the first Anthi & M novel written by Patrick M. Ohana","og_url":"https:\/\/shakespearesshoes.com\/index.php\/anthi-m\/novels\/anthi-m-wedding\/","og_site_name":"Shakespeare&#039;s Shoes","article_modified_time":"2025-08-29T02:41:47+00:00","og_image":[{"width":500,"height":500,"url":"https:\/\/shakespearesshoes.com\/wp-content\/uploads\/2024\/03\/Wedding-Invitation.png","type":"image\/png"}],"twitter_card":"summary_large_image","twitter_site":"@the_bards_shoes","schema":{"@context":"https:\/\/schema.org","@graph":[{"@type":"WebPage","@id":"https:\/\/shakespearesshoes.com\/index.php\/anthi-m\/novels\/anthi-m-wedding\/","url":"https:\/\/shakespearesshoes.com\/index.php\/anthi-m\/novels\/anthi-m-wedding\/","name":"Anthi's & M's Wedding - Shakespeare&#039;s Shoes","isPartOf":{"@id":"https:\/\/shakespearesshoes.com\/#website"},"primaryImageOfPage":{"@id":"https:\/\/shakespearesshoes.com\/index.php\/anthi-m\/novels\/anthi-m-wedding\/#primaryimage"},"image":{"@id":"https:\/\/shakespearesshoes.com\/index.php\/anthi-m\/novels\/anthi-m-wedding\/#primaryimage"},"thumbnailUrl":"https:\/\/shakespearesshoes.com\/wp-content\/uploads\/2024\/03\/Wedding-Invitation.png","datePublished":"2024-03-06T01:21:30+00:00","dateModified":"2025-08-29T02:41:47+00:00","description":"From the first Anthi & M novel written by Patrick M. Ohana","breadcrumb":{"@id":"https:\/\/shakespearesshoes.com\/index.php\/anthi-m\/novels\/anthi-m-wedding\/#breadcrumb"},"inLanguage":"en-CA","potentialAction":[{"@type":"ReadAction","target":["https:\/\/shakespearesshoes.com\/index.php\/anthi-m\/novels\/anthi-m-wedding\/"]}]},{"@type":"ImageObject","inLanguage":"en-CA","@id":"https:\/\/shakespearesshoes.com\/index.php\/anthi-m\/novels\/anthi-m-wedding\/#primaryimage","url":"https:\/\/shakespearesshoes.com\/wp-content\/uploads\/2024\/03\/Wedding-Invitation.png","contentUrl":"https:\/\/shakespearesshoes.com\/wp-content\/uploads\/2024\/03\/Wedding-Invitation.png","width":500,"height":500,"caption":"Designed using Canva"},{"@type":"BreadcrumbList","@id":"https:\/\/shakespearesshoes.com\/index.php\/anthi-m\/novels\/anthi-m-wedding\/#breadcrumb","itemListElement":[{"@type":"ListItem","position":1,"name":"Home","item":"https:\/\/shakespearesshoes.com\/"},{"@type":"ListItem","position":2,"name":"Anthi &#038; M","item":"https:\/\/shakespearesshoes.com\/index.php\/anthi-m\/"},{"@type":"ListItem","position":3,"name":"Novels","item":"https:\/\/shakespearesshoes.com\/index.php\/anthi-m\/novels\/"},{"@type":"ListItem","position":4,"name":"Anthi&#8217;s &#038; M&#8217;s Wedding"}]},{"@type":"WebSite","@id":"https:\/\/shakespearesshoes.com\/#website","url":"https:\/\/shakespearesshoes.com\/","name":"Shakespeare's Shoes","description":"Fiction and nonfiction, poetry and prose, in search of the Bard.","publisher":{"@id":"https:\/\/shakespearesshoes.com\/#\/schema\/person\/bcb38f527202c45dcab30ef6e4a23b77"},"potentialAction":[{"@type":"SearchAction","target":{"@type":"EntryPoint","urlTemplate":"https:\/\/shakespearesshoes.com\/?s={search_term_string}"},"query-input":{"@type":"PropertyValueSpecification","valueRequired":true,"valueName":"search_term_string"}}],"inLanguage":"en-CA"},{"@type":["Person","Organization"],"@id":"https:\/\/shakespearesshoes.com\/#\/schema\/person\/bcb38f527202c45dcab30ef6e4a23b77","name":"Patrick M. Ohana","image":{"@type":"ImageObject","inLanguage":"en-CA","@id":"https:\/\/shakespearesshoes.com\/wp-content\/uploads\/2024\/02\/cropped-Logo.png","url":"https:\/\/shakespearesshoes.com\/wp-content\/uploads\/2024\/02\/cropped-Logo.png","contentUrl":"https:\/\/shakespearesshoes.com\/wp-content\/uploads\/2024\/02\/cropped-Logo.png","width":512,"height":512,"caption":"Patrick M. Ohana"},"logo":{"@id":"https:\/\/shakespearesshoes.com\/wp-content\/uploads\/2024\/02\/cropped-Logo.png"},"description":"A medical writer who reads and writes fiction and some nonfiction, although the latter may appear at times like the former.","sameAs":["https:\/\/shakespearesshoes.com","https:\/\/x.com\/the_bards_shoes"]}]}},"_links":{"self":[{"href":"https:\/\/shakespearesshoes.com\/index.php\/wp-json\/wp\/v2\/pages\/598","targetHints":{"allow":["GET"]}}],"collection":[{"href":"https:\/\/shakespearesshoes.com\/index.php\/wp-json\/wp\/v2\/pages"}],"about":[{"href":"https:\/\/shakespearesshoes.com\/index.php\/wp-json\/wp\/v2\/types\/page"}],"author":[{"embeddable":true,"href":"https:\/\/shakespearesshoes.com\/index.php\/wp-json\/wp\/v2\/users\/1"}],"replies":[{"embeddable":true,"href":"https:\/\/shakespearesshoes.com\/index.php\/wp-json\/wp\/v2\/comments?post=598"}],"version-history":[{"count":17,"href":"https:\/\/shakespearesshoes.com\/index.php\/wp-json\/wp\/v2\/pages\/598\/revisions"}],"predecessor-version":[{"id":1190,"href":"https:\/\/shakespearesshoes.com\/index.php\/wp-json\/wp\/v2\/pages\/598\/revisions\/1190"}],"up":[{"embeddable":true,"href":"https:\/\/shakespearesshoes.com\/index.php\/wp-json\/wp\/v2\/pages\/93"}],"wp:attachment":[{"href":"https:\/\/shakespearesshoes.com\/index.php\/wp-json\/wp\/v2\/media?parent=598"}],"curies":[{"name":"wp","href":"https:\/\/api.w.org\/{rel}","templated":true}]}}